{"id":2,"date":"2008-08-13T10:19:15","date_gmt":"2008-08-13T08:19:15","guid":{"rendered":"http:\/\/www.dobbelop.info\/?page_id=2"},"modified":"2009-02-13T14:37:39","modified_gmt":"2009-02-13T13:37:39","slug":"about","status":"publish","type":"page","link":"https:\/\/www.dobbelop.info\/?page_id=2","title":{"rendered":"Om"},"content":{"rendered":"<p>Dobbelop.info er ment som mye sp\u00f8k og lite alvor. Ta dette med en klype salt og pust inn en gang til om du mener at det er feil det du leser her. Ingenting er vondt ment og heller ingen personangrep er her. Men det du derimot kan oppleve er noen hjertesukk og utbasuneringer knyttet til hverdagslige ergrelser.<\/p>\n<p>Det er meningen samle ting om tur, kanskje riktigere campingtur p\u00e5 disse siden. S\u00e5 fokuset vil v\u00e6re knyttet til campingturer og tilbeh\u00f8r av ymse slag, og det som da dukker opp.<\/p>\n<p>Som oftest vil vi v\u00e6re to voksne p\u00e5 tur, og innholdet vil bli preget av det. Siden vi er nybegynnere med campingvogn h\u00e5per vi \u00e5 kunne komme med ting som er relevant ogs\u00e5 for andre her. Men &laquo;l\u00e6reboken i camping&raquo; vil du finne p\u00e5 <a title=\"Camping Wiki\" href=\"http:\/\/wiki.caravanforum.org\/index.php\/Hovedside\" target=\"_blank\">Camping Wiki<\/a>.<\/p>\n","protected":false},"excerpt":{"rendered":"<p>Dobbelop.info er ment som mye sp\u00f8k og lite alvor. Ta dette med en klype salt og pust inn en gang til om du mener at det er feil det du leser her. Ingenting er vondt ment og heller ingen personangrep er her. Men det du derimot kan oppleve er noen hjertesukk og utbasuneringer knyttet til [&hellip;]<\/p>\n","protected":false},"author":4,"featured_media":0,"parent":0,"menu_order":1,"comment_status":"closed","ping_status":"open","template":"","meta":{"footnotes":""},"class_list":["post-2","page","type-page","status-publish","hentry"],"_links":{"self":[{"href":"https:\/\/www.dobbelop.info\/index.php?rest_route=\/wp\/v2\/pages\/2","targetHints":{"allow":["GET"]}}],"collection":[{"href":"https:\/\/www.dobbelop.info\/index.php?rest_route=\/wp\/v2\/pages"}],"about":[{"href":"https:\/\/www.dobbelop.info\/index.php?rest_route=\/wp\/v2\/types\/page"}],"author":[{"embeddable":true,"href":"https:\/\/www.dobbelop.info\/index.php?rest_route=\/wp\/v2\/users\/4"}],"replies":[{"embeddable":true,"href":"https:\/\/www.dobbelop.info\/index.php?rest_route=%2Fwp%2Fv2%2Fcomments&post=2"}],"version-history":[{"count":20,"href":"https:\/\/www.dobbelop.info\/index.php?rest_route=\/wp\/v2\/pages\/2\/revisions"}],"predecessor-version":[{"id":7,"href":"https:\/\/www.dobbelop.info\/index.php?rest_route=\/wp\/v2\/pages\/2\/revisions\/7"}],"wp:attachment":[{"href":"https:\/\/www.dobbelop.info\/index.php?rest_route=%2Fwp%2Fv2%2Fmedia&parent=2"}],"curies":[{"name":"wp","href":"https:\/\/api.w.org\/{rel}","templated":true}]}}