{"id":63,"date":"2009-02-06T13:59:05","date_gmt":"2009-02-06T12:59:05","guid":{"rendered":"http:\/\/www.dobbelop.info\/?page_id=63"},"modified":"2011-08-10T12:11:39","modified_gmt":"2011-08-10T11:11:39","slug":"bil","status":"publish","type":"page","link":"https:\/\/www.dobbelop.info\/?page_id=63","title":{"rendered":"Bilen"},"content":{"rendered":"<p>For \u00e5 kunne dra ut p\u00e5 tur, har vi anskaffet ny bil. For \u00e5 dra vogna v\u00e5r m\u00e5tte vi ha en bli som hadde nok tillatt totalvekt p\u00e5 henger og vogntogvekt. Valget har falt p\u00e5 en Mitsubishi Grandis 2,0 DI-D 2006 modell.<\/p>\n<p>Bildene under er fra <a href=\"http:\/\/www.mitsubishi-motors.no\/Underholdning\/Skrivebordsbakgrunner\/\" target=\"_blank\">Mitsubishi sin webside<\/a> hvor det st\u00e5r at man kan bruke bildene som man \u00f8nsker, og derfor har jeg plassert en kopi her, for det er det jeg \u00f8nsker \ud83d\ude42<\/p>\n<p><img loading=\"lazy\" decoding=\"async\" class=\"alignnone size-full wp-image-86\" title=\"grandis-1-liten\" src=\"https:\/\/www.dobbelop.info\/wp-content\/uploads\/grandis-1-liten.jpg\" alt=\"grandis-1-liten\" width=\"640\" height=\"480\" srcset=\"https:\/\/www.dobbelop.info\/wp-content\/uploads\/grandis-1-liten.jpg 800w, https:\/\/www.dobbelop.info\/wp-content\/uploads\/grandis-1-liten-300x225.jpg 300w\" sizes=\"auto, (max-width: 640px) 100vw, 640px\" \/><\/p>\n<p>Og skal vi tro Mitsubishi her s\u00e5 skal det v\u00e6re b\u00e5de fruktbarhet og Rock&#8217;n&#8217;Roll n\u00e5r man har en Grandis \ud83d\ude00<\/p>\n<p><img loading=\"lazy\" decoding=\"async\" class=\"alignnone size-full wp-image-87\" title=\"grandis-2-liten\" src=\"https:\/\/www.dobbelop.info\/wp-content\/uploads\/grandis-2-liten.jpg\" alt=\"grandis-2-liten\" width=\"640\" height=\"480\" srcset=\"https:\/\/www.dobbelop.info\/wp-content\/uploads\/grandis-2-liten.jpg 800w, https:\/\/www.dobbelop.info\/wp-content\/uploads\/grandis-2-liten-300x225.jpg 300w\" sizes=\"auto, (max-width: 640px) 100vw, 640px\" \/><\/p>\n<p>Vital informasjon med tanke p\u00e5 bruk av bilen som trekkvogn:<\/p>\n<table border=\"1\">\n<tbody>\n<tr>\n<td>Egenvekt<\/td>\n<td style=\"text-align:right;\">1604<\/td>\n<\/tr>\n<tr>\n<td>Totalvekt<\/td>\n<td style=\"text-align:right;\">2335<\/td>\n<\/tr>\n<tr>\n<td>Koblingsvekt<\/td>\n<td style=\"text-align:right;\">85<\/td>\n<\/tr>\n<tr>\n<td>Hengervekt<\/td>\n<td style=\"text-align:right;\">2000<\/td>\n<\/tr>\n<tr>\n<td>Vogntogvekt<\/td>\n<td style=\"text-align:right;\">4420<\/td>\n<\/tr>\n<tr>\n<td>Taklast<\/td>\n<td style=\"text-align:right;\">80<\/td>\n<\/tr>\n<tr>\n<tr>\n<td>Lengde<\/td>\n<td style=\"text-align:right;\">477<\/td>\n<\/tr>\n<tr>\n<tr>\n<td>Bredde<\/td>\n<td style=\"text-align:right;\">180<\/td>\n<\/tr>\n<tr>\n<td>Effekt<\/td>\n<td style=\"text-align:right;\">136 hk\/4.000 o\/min<\/td>\n<\/tr>\n<tr>\n<td>Dreiemoment<\/td>\n<td style=\"text-align:right;\">310 Nm\/1.750 o\/min<\/td>\n<\/tr>\n<\/tbody>\n<\/table>\n","protected":false},"excerpt":{"rendered":"<p>For \u00e5 kunne dra ut p\u00e5 tur, har vi anskaffet ny bil. For \u00e5 dra vogna v\u00e5r m\u00e5tte vi ha en bli som hadde nok tillatt totalvekt p\u00e5 henger og vogntogvekt. Valget har falt p\u00e5 en Mitsubishi Grandis 2,0 DI-D 2006 modell. Bildene under er fra Mitsubishi sin webside hvor det st\u00e5r at man kan [&hellip;]<\/p>\n","protected":false},"author":4,"featured_media":0,"parent":0,"menu_order":2,"comment_status":"closed","ping_status":"open","template":"","meta":{"footnotes":""},"class_list":["post-63","page","type-page","status-publish","hentry"],"_links":{"self":[{"href":"https:\/\/www.dobbelop.info\/index.php?rest_route=\/wp\/v2\/pages\/63","targetHints":{"allow":["GET"]}}],"collection":[{"href":"https:\/\/www.dobbelop.info\/index.php?rest_route=\/wp\/v2\/pages"}],"about":[{"href":"https:\/\/www.dobbelop.info\/index.php?rest_route=\/wp\/v2\/types\/page"}],"author":[{"embeddable":true,"href":"https:\/\/www.dobbelop.info\/index.php?rest_route=\/wp\/v2\/users\/4"}],"replies":[{"embeddable":true,"href":"https:\/\/www.dobbelop.info\/index.php?rest_route=%2Fwp%2Fv2%2Fcomments&post=63"}],"version-history":[{"count":17,"href":"https:\/\/www.dobbelop.info\/index.php?rest_route=\/wp\/v2\/pages\/63\/revisions"}],"predecessor-version":[{"id":68,"href":"https:\/\/www.dobbelop.info\/index.php?rest_route=\/wp\/v2\/pages\/63\/revisions\/68"}],"wp:attachment":[{"href":"https:\/\/www.dobbelop.info\/index.php?rest_route=%2Fwp%2Fv2%2Fmedia&parent=63"}],"curies":[{"name":"wp","href":"https:\/\/api.w.org\/{rel}","templated":true}]}}